{"id":1095,"date":"2020-05-28T19:05:44","date_gmt":"2020-05-28T16:05:44","guid":{"rendered":"https:\/\/tegnatia.com\/en\/?page_id=1095"},"modified":"2026-01-30T16:16:16","modified_gmt":"2026-01-30T13:16:16","slug":"our-group-companies","status":"publish","type":"page","link":"https:\/\/tegnatia.com\/en\/our-group-companies\/","title":{"rendered":"Our Group Companies"},"content":{"rendered":"<p><div class=\"fusion-fullwidth fullwidth-box fusion-builder-row-1 nonhundred-percent-fullwidth non-hundred-percent-height-scrolling fusion-equal-height-columns\" style=\"--awb-border-radius-top-left:0px;--awb-border-radius-top-right:0px;--awb-border-radius-bottom-right:0px;--awb-border-radius-bottom-left:0px;--awb-padding-top:2%;--awb-flex-wrap:wrap;\" ><div class=\"fusion-builder-row fusion-row\"><div class=\"fusion-layout-column fusion_builder_column fusion-builder-column-0 fusion_builder_column_1_2 1_2 fusion-one-half fusion-column-first fusion-animated\" style=\"--awb-padding-top:60px;--awb-padding-right:60px;--awb-padding-bottom:60px;--awb-padding-left:60px;--awb-overflow:hidden;--awb-bg-size:cover;--awb-box-shadow:0px 10px 23px 0px rgba(0,0,0,0.05);;--awb-border-color:#dee1e4;--awb-border-top:1px;--awb-border-right:1px;--awb-border-bottom:1px;--awb-border-left:1px;--awb-border-style:solid;--awb-border-radius:8px 8px 8px 8px;width:50%;width:calc(50% - ( ( 4% ) * 0.5 ) );margin-right: 4%;\" data-animationType=\"fadeInLeft\" data-animationDuration=\"1.0\" data-animationOffset=\"top-into-view\"><div class=\"fusion-column-wrapper fusion-column-has-shadow fusion-flex-column-wrapper-legacy\"><div class=\"fusion-image-element in-legacy-container\" style=\"--awb-aspect-ratio:2 \/ 1;--awb-caption-title-font-family:var(--h2_typography-font-family);--awb-caption-title-font-weight:var(--h2_typography-font-weight);--awb-caption-title-font-style:var(--h2_typography-font-style);--awb-caption-title-size:var(--h2_typography-font-size);--awb-caption-title-transform:var(--h2_typography-text-transform);--awb-caption-title-line-height:var(--h2_typography-line-height);--awb-caption-title-letter-spacing:var(--h2_typography-letter-spacing);\"><span class=\" fusion-imageframe imageframe-none imageframe-1 hover-type-none has-aspect-ratio\" style=\"border-radius:4px;\"><img decoding=\"async\" width=\"1920\" height=\"1080\" title=\"aktas 1920&#215;1080\" src=\"https:\/\/tegnatia.com\/en\/wp-content\/uploads\/2020\/08\/aktas-1920x1080-1.jpg\" class=\"img-responsive wp-image-1604 img-with-aspect-ratio\" data-parent-fit=\"cover\" data-parent-container=\".fusion-image-element\" alt srcset=\"https:\/\/tegnatia.com\/en\/wp-content\/uploads\/2020\/08\/aktas-1920x1080-1-200x113.jpg 200w, https:\/\/tegnatia.com\/en\/wp-content\/uploads\/2020\/08\/aktas-1920x1080-1-400x225.jpg 400w, https:\/\/tegnatia.com\/en\/wp-content\/uploads\/2020\/08\/aktas-1920x1080-1-600x338.jpg 600w, https:\/\/tegnatia.com\/en\/wp-content\/uploads\/2020\/08\/aktas-1920x1080-1-800x450.jpg 800w, https:\/\/tegnatia.com\/en\/wp-content\/uploads\/2020\/08\/aktas-1920x1080-1-1200x675.jpg 1200w, https:\/\/tegnatia.com\/en\/wp-content\/uploads\/2020\/08\/aktas-1920x1080-1.jpg 1920w\" sizes=\"(max-width: 1004px) 100vw, 600px\" \/><\/span><\/div><div class=\"fusion-sep-clear\"><\/div><div class=\"fusion-separator fusion-full-width-sep\" style=\"margin-left: auto;margin-right: auto;margin-bottom:20px;width:100%;\"><\/div><div class=\"fusion-sep-clear\"><\/div><div class=\"fusion-title title fusion-title-1 fusion-sep-none fusion-title-center fusion-title-text fusion-title-size-three\" style=\"--awb-margin-top-small:0px;--awb-margin-right-small:0px;--awb-margin-bottom-small:20px;--awb-margin-left-small:0px;\"><h3 class=\"fusion-title-heading title-heading-center fusion-responsive-typography-calculated\" style=\"margin:0;--fontSize:18;--minFontSize:18;line-height:1.2;\"><div>\n<p><span lang=\"EN-US\">Ak-ta\u015f<\/span><\/p>\n<\/div><\/h3><\/div><div class=\"fusion-text fusion-text-1\"><p>Founded in 1989 in Istanbul, <b>Ak-Ta\u015f<\/b> is a reliable global business partner in the petrochemical sector. The company distributes a wide range of bulk and packaged petrochemical products and raw materials, sourced from the world\u2019s leading global manufacturers, to both Turkish and international markets.<\/p>\n<p>To ensure the safe and efficient storage and distribution of products, Ak-Ta\u015f operates modern tank terminals in Turkey (Ak-Ta\u015f Tank Terminal \u2013 \u0130zmit and Ak-Ta\u015f Yumurtal\u0131k Tank Terminal \u2013 Adana) and in Greece (AKFA Tank Terminal \u2013 Chalkida, Evia). In addition, it owns a storage facility in Turkey\u2019s Gebze Chemical Specialized Organized Industrial Zone, built on a 9,960 m\u00b2 area with approximately 7,500 m\u00b2 of indoor space.<\/p>\n<p>Since 2016, Ak-Ta\u015f has been listed in the Fortune 500 Turkey ranking and, as of 2025, it holds the 246th position among the largest 500 companies shaping the Turkish economy.<\/p>\n<p>In light of this achievement, one of Ak-Ta\u015f\u2019s key objectives is to maintain and further strengthen its position as one of Turkey\u2019s leading exporters to international markets, particularly in Europe, the Middle East, North Africa, CIS countries, and the Americas.<\/p>\n<p><b><a href=\"http:\/\/www.aktasdis.com\/\" target=\"_blank\" rel=\"noopener noreferrer\">www.aktasdis.com<\/a><\/b><\/p>\n<\/div><div class=\"fusion-clearfix\"><\/div><\/div><\/div><div class=\"fusion-layout-column fusion_builder_column fusion-builder-column-1 fusion_builder_column_1_2 1_2 fusion-one-half fusion-column-last fusion-animated\" style=\"--awb-padding-top:60px;--awb-padding-right:60px;--awb-padding-bottom:60px;--awb-padding-left:60px;--awb-overflow:hidden;--awb-bg-size:cover;--awb-box-shadow:0px 10px 23px 0px rgba(0,0,0,0.05);;--awb-border-color:#dee1e4;--awb-border-top:1px;--awb-border-right:1px;--awb-border-bottom:1px;--awb-border-left:1px;--awb-border-style:solid;--awb-border-radius:8px 8px 8px 8px;width:50%;width:calc(50% - ( ( 4% ) * 0.5 ) );\" data-animationType=\"fadeInRight\" data-animationDuration=\"1.0\" data-animationOffset=\"top-into-view\"><div class=\"fusion-column-wrapper fusion-column-has-shadow fusion-flex-column-wrapper-legacy\"><div class=\"fusion-image-element in-legacy-container\" style=\"--awb-aspect-ratio:2 \/ 1;--awb-caption-title-font-family:var(--h2_typography-font-family);--awb-caption-title-font-weight:var(--h2_typography-font-weight);--awb-caption-title-font-style:var(--h2_typography-font-style);--awb-caption-title-size:var(--h2_typography-font-size);--awb-caption-title-transform:var(--h2_typography-text-transform);--awb-caption-title-line-height:var(--h2_typography-line-height);--awb-caption-title-letter-spacing:var(--h2_typography-letter-spacing);\"><span class=\" fusion-imageframe imageframe-none imageframe-2 hover-type-none has-aspect-ratio\" style=\"border-radius:4px;\"><img decoding=\"async\" width=\"2200\" height=\"1617\" title=\"T_G_000000011\" src=\"https:\/\/tegnatia.com\/wp-content\/uploads\/2020\/05\/T_G_000000011.jpg\" class=\"img-responsive wp-image-1406 img-with-aspect-ratio\" data-parent-fit=\"cover\" data-parent-container=\".fusion-image-element\" alt srcset=\"https:\/\/tegnatia.com\/en\/wp-content\/uploads\/2020\/05\/T_G_000000011-200x147.jpg 200w, https:\/\/tegnatia.com\/en\/wp-content\/uploads\/2020\/05\/T_G_000000011-400x294.jpg 400w, https:\/\/tegnatia.com\/en\/wp-content\/uploads\/2020\/05\/T_G_000000011-600x441.jpg 600w, https:\/\/tegnatia.com\/en\/wp-content\/uploads\/2020\/05\/T_G_000000011-800x588.jpg 800w, https:\/\/tegnatia.com\/en\/wp-content\/uploads\/2020\/05\/T_G_000000011-1200x882.jpg 1200w, https:\/\/tegnatia.com\/en\/wp-content\/uploads\/2020\/05\/T_G_000000011.jpg 2200w\" sizes=\"(max-width: 1004px) 100vw, 600px\" \/><\/span><\/div><div class=\"fusion-sep-clear\"><\/div><div class=\"fusion-separator fusion-full-width-sep\" style=\"margin-left: auto;margin-right: auto;margin-bottom:20px;width:100%;\"><\/div><div class=\"fusion-sep-clear\"><\/div><div class=\"fusion-title title fusion-title-2 fusion-sep-none fusion-title-center fusion-title-text fusion-title-size-three\" style=\"--awb-margin-top-small:0px;--awb-margin-right-small:0px;--awb-margin-bottom-small:20px;--awb-margin-left-small:0px;\"><h3 class=\"fusion-title-heading title-heading-center fusion-responsive-typography-calculated\" style=\"margin:0;--fontSize:18;--minFontSize:18;line-height:1.2;\">T Dinamik Enerji<\/h3><\/div><div class=\"fusion-text fusion-text-2\"><p><b>T Dinamik Enerji A.\u015e.<\/b> was founded in 2011 by its parent company, Ak-Ta\u015f Foreign Trade, with the vision of investing in the renewable energy sector. Today, the company owns solar energy investments with a total installed capacity of 130 MW across Turkey, Greece, and Romania.<\/p>\n<p>Through its subsidiary Tegnatia, the company has successfully completed turnkey installations of more than 600 MW of solar power plants since 2013. In 2019, it expanded its expertise by adding the installation of energy storage systems to its service portfolio.<\/p>\n<p>Since 2021, T Dinamik has also been operating as a solar systems supplier. Acting as the official distributor of leading global manufacturers in Turkey, it provides the market with energy storage systems, solar panels, inverters, batteries, cables, and electric vehicle charging units.<\/p>\n<p>With its customer-focused approach and strong commitment to sustainability, T Dinamik Enerji A.\u015e. continues its investments and innovative solutions in the renewable energy sector, contributing to a cleaner and more sustainable future.<\/p>\n<p><b><a href=\"http:\/\/www.tdinamik.com\/\" target=\"_blank\" rel=\"noopener noreferrer\">www.tdinamik.com<\/a><\/b><\/p>\n<\/div><div class=\"fusion-clearfix\"><\/div><\/div><\/div><\/div><\/div><div class=\"fusion-bg-parallax\" data-bg-align=\"center center\" data-direction=\"up\" data-mute=\"false\" data-opacity=\"100\" data-velocity=\"-0.3\" data-mobile-enabled=\"false\" data-break_parents=\"0\" data-bg-image=\"https:\/\/tegnatia.com\/en\/wp-content\/uploads\/2020\/05\/GES_B_00000001.jpg\" data-bg-repeat=\"false\" data-bg-gradient-type=\"linear\" data-bg-gradient-angle=\"45\" data-bg-gradient-start-color=\"#000000\" data-bg-gradient-start-position=\"0\" data-bg-gradient-end-color=\"rgba(0,0,0,0.5)\" data-bg-gradient-end-position=\"100\" data-bg-radial-direction=\"center center\" ><\/div><div class=\"fusion-fullwidth fullwidth-box fusion-builder-row-2 fusion-flex-container fusion-parallax-up nonhundred-percent-fullwidth non-hundred-percent-height-scrolling\" style=\"--awb-border-radius-top-left:0px;--awb-border-radius-top-right:0px;--awb-border-radius-bottom-right:0px;--awb-border-radius-bottom-left:0px;--awb-padding-top:80px;--awb-padding-bottom:80px;--awb-margin-top:0px;--awb-margin-bottom:0px;--awb-background-image:linear-gradient(45deg, #000000 0%,rgba(0,0,0,0.5) 100%),url(https:\/\/tegnatia.com\/en\/wp-content\/uploads\/2020\/05\/GES_B_00000001.jpg);;--awb-background-size:cover;--awb-flex-wrap:wrap;\" ><div class=\"fusion-builder-row fusion-row fusion-flex-align-items-stretch fusion-flex-justify-content-center fusion-flex-content-wrap\" style=\"max-width:1456px;margin-left: calc(-4% \/ 2 );margin-right: calc(-4% \/ 2 );\"><div class=\"fusion-layout-column fusion_builder_column fusion-builder-column-2 fusion_builder_column_1_2 1_2 fusion-flex-column fusion-no-large-visibility fusion-animated\" style=\"--awb-padding-top:60px;--awb-bg-size:cover;--awb-width-large:50%;--awb-margin-top-large:0px;--awb-spacing-right-large:3.84%;--awb-margin-bottom-large:0px;--awb-spacing-left-large:3.84%;--awb-width-medium:100%;--awb-spacing-right-medium:1.92%;--awb-spacing-left-medium:1.92%;--awb-width-small:100%;--awb-spacing-right-small:1.92%;--awb-spacing-left-small:1.92%;\" data-animationType=\"fadeInDown\" data-animationDuration=\"1.0\" data-animationOffset=\"top-into-view\"><div class=\"fusion-column-wrapper fusion-column-has-shadow fusion-flex-justify-content-center fusion-content-layout-column\"><div class=\"fusion-title title fusion-title-3 fusion-sep-none fusion-title-center fusion-title-text fusion-title-size-two\" style=\"--awb-text-color:#ffffff;--awb-margin-top-small:0px;--awb-margin-right-small:0px;--awb-margin-bottom-small:20px;--awb-margin-left-small:0px;\"><h2 class=\"fusion-title-heading title-heading-center fusion-responsive-typography-calculated\" style=\"margin:0;--fontSize:24;line-height:1.2;\"><div>\n<p style=\"text-align: center\"><span lang=\"EN-US\">Power Plants Generating Energy of the Future<\/span><\/p>\n<\/div><\/h2><\/div><div class=\"fusion-text fusion-text-3\"><div>\n<p style=\"text-align: center\"><span lang=\"EN-US\">Tegnatia Enerji is working since the year of 2013 to function as a leading EPC (Engineering, Procurement, and Construction) company in national and international markets.<\/span><\/p>\n<\/div>\n<\/div><div class=\"fusion-separator fusion-full-width-sep\" style=\"align-self: center;margin-left: auto;margin-right: auto;margin-top:20px;width:100%;\"><\/div><\/div><\/div><div class=\"fusion-layout-column fusion_builder_column fusion-builder-column-3 fusion_builder_column_3_5 3_5 fusion-flex-column fusion-no-small-visibility fusion-no-medium-visibility fusion-animated\" style=\"--awb-padding-right:60px;--awb-bg-size:cover;--awb-width-large:60%;--awb-margin-top-large:0px;--awb-spacing-right-large:3.2%;--awb-margin-bottom-large:0px;--awb-spacing-left-large:3.2%;--awb-width-medium:100%;--awb-spacing-right-medium:1.92%;--awb-spacing-left-medium:1.92%;--awb-width-small:100%;--awb-spacing-right-small:1.92%;--awb-spacing-left-small:1.92%;\" data-animationType=\"fadeInDown\" data-animationDuration=\"1.0\" data-animationOffset=\"top-into-view\"><div class=\"fusion-column-wrapper fusion-column-has-shadow fusion-flex-justify-content-center fusion-content-layout-column\"><div class=\"fusion-title title fusion-title-4 fusion-sep-none fusion-title-center fusion-title-text fusion-title-size-two\" style=\"--awb-text-color:#ffffff;--awb-margin-top-small:0px;--awb-margin-right-small:0px;--awb-margin-bottom-small:20px;--awb-margin-left-small:0px;\"><h2 class=\"fusion-title-heading title-heading-center fusion-responsive-typography-calculated\" style=\"margin:0;--fontSize:24;line-height:1.2;\">Power Plants Generating Energy of the Future<\/h2><\/div><div class=\"fusion-text fusion-text-4\" style=\"--awb-content-alignment:center;\"><p><span style=\"color: #ffffff\">Tegnatia Enerji is working since the year of 2013 to function as a leading EPC (Engineering, Procurement, and Construction) company in national and international markets.<\/span><\/p>\n<\/div><div class=\"fusion-separator fusion-full-width-sep\" style=\"align-self: center;margin-left: auto;margin-right: auto;margin-top:20px;width:100%;\"><\/div><\/div><\/div><\/div><\/div>\n<\/p>\n","protected":false},"excerpt":{"rendered":"","protected":false},"author":1,"featured_media":1305,"parent":0,"menu_order":0,"comment_status":"closed","ping_status":"closed","template":"100-width.php","meta":{"footnotes":""},"class_list":["post-1095","page","type-page","status-publish","has-post-thumbnail","hentry"],"yoast_head":"<!-- This site is optimized with the Yoast SEO plugin v27.5 - https:\/\/yoast.com\/product\/yoast-seo-wordpress\/ -->\n<title>Our Group Companies - Tegnatia<\/title>\n<meta name=\"robots\" content=\"index, follow, max-snippet:-1, max-image-preview:large, max-video-preview:-1\" \/>\n<link rel=\"canonical\" href=\"https:\/\/tegnatia.com\/en\/our-group-companies\/\" \/>\n<meta property=\"og:locale\" content=\"en_GB\" \/>\n<meta property=\"og:type\" content=\"article\" \/>\n<meta property=\"og:title\" content=\"Our Group Companies - Tegnatia\" \/>\n<meta property=\"og:url\" content=\"https:\/\/tegnatia.com\/en\/our-group-companies\/\" \/>\n<meta property=\"og:site_name\" content=\"Tegnatia\" \/>\n<meta property=\"article:modified_time\" content=\"2026-01-30T13:16:16+00:00\" \/>\n<meta property=\"og:image\" content=\"https:\/\/tegnatia.com\/en\/wp-content\/uploads\/2020\/05\/GES_B_00000004.jpg\" \/>\n\t<meta property=\"og:image:width\" content=\"2560\" \/>\n\t<meta property=\"og:image:height\" content=\"940\" \/>\n\t<meta property=\"og:image:type\" content=\"image\/jpeg\" \/>\n<meta name=\"twitter:card\" content=\"summary_large_image\" \/>\n<meta name=\"twitter:label1\" content=\"Estimated reading time\" \/>\n\t<meta name=\"twitter:data1\" content=\"6 minutes\" \/>\n<script type=\"application\/ld+json\" class=\"yoast-schema-graph\">{\"@context\":\"https:\\\/\\\/schema.org\",\"@graph\":[{\"@type\":\"WebPage\",\"@id\":\"https:\\\/\\\/tegnatia.com\\\/en\\\/our-group-companies\\\/\",\"url\":\"https:\\\/\\\/tegnatia.com\\\/en\\\/our-group-companies\\\/\",\"name\":\"Our Group Companies - Tegnatia\",\"isPartOf\":{\"@id\":\"https:\\\/\\\/tegnatia.com\\\/en\\\/#website\"},\"primaryImageOfPage\":{\"@id\":\"https:\\\/\\\/tegnatia.com\\\/en\\\/our-group-companies\\\/#primaryimage\"},\"image\":{\"@id\":\"https:\\\/\\\/tegnatia.com\\\/en\\\/our-group-companies\\\/#primaryimage\"},\"thumbnailUrl\":\"https:\\\/\\\/tegnatia.com\\\/en\\\/wp-content\\\/uploads\\\/2020\\\/05\\\/GES_B_00000004.jpg\",\"datePublished\":\"2020-05-28T16:05:44+00:00\",\"dateModified\":\"2026-01-30T13:16:16+00:00\",\"breadcrumb\":{\"@id\":\"https:\\\/\\\/tegnatia.com\\\/en\\\/our-group-companies\\\/#breadcrumb\"},\"inLanguage\":\"en-GB\",\"potentialAction\":[{\"@type\":\"ReadAction\",\"target\":[\"https:\\\/\\\/tegnatia.com\\\/en\\\/our-group-companies\\\/\"]}]},{\"@type\":\"ImageObject\",\"inLanguage\":\"en-GB\",\"@id\":\"https:\\\/\\\/tegnatia.com\\\/en\\\/our-group-companies\\\/#primaryimage\",\"url\":\"https:\\\/\\\/tegnatia.com\\\/en\\\/wp-content\\\/uploads\\\/2020\\\/05\\\/GES_B_00000004.jpg\",\"contentUrl\":\"https:\\\/\\\/tegnatia.com\\\/en\\\/wp-content\\\/uploads\\\/2020\\\/05\\\/GES_B_00000004.jpg\",\"width\":2560,\"height\":940},{\"@type\":\"BreadcrumbList\",\"@id\":\"https:\\\/\\\/tegnatia.com\\\/en\\\/our-group-companies\\\/#breadcrumb\",\"itemListElement\":[{\"@type\":\"ListItem\",\"position\":1,\"name\":\"Ana sayfa\",\"item\":\"https:\\\/\\\/tegnatia.com\\\/en\\\/\"},{\"@type\":\"ListItem\",\"position\":2,\"name\":\"Our Group Companies\"}]},{\"@type\":\"WebSite\",\"@id\":\"https:\\\/\\\/tegnatia.com\\\/en\\\/#website\",\"url\":\"https:\\\/\\\/tegnatia.com\\\/en\\\/\",\"name\":\"Tegnatia\",\"description\":\"EPC Solutions\",\"potentialAction\":[{\"@type\":\"SearchAction\",\"target\":{\"@type\":\"EntryPoint\",\"urlTemplate\":\"https:\\\/\\\/tegnatia.com\\\/en\\\/?s={search_term_string}\"},\"query-input\":{\"@type\":\"PropertyValueSpecification\",\"valueRequired\":true,\"valueName\":\"search_term_string\"}}],\"inLanguage\":\"en-GB\"}]}<\/script>\n<!-- \/ Yoast SEO plugin. -->","yoast_head_json":{"title":"Our Group Companies - Tegnatia","robots":{"index":"index","follow":"follow","max-snippet":"max-snippet:-1","max-image-preview":"max-image-preview:large","max-video-preview":"max-video-preview:-1"},"canonical":"https:\/\/tegnatia.com\/en\/our-group-companies\/","og_locale":"en_GB","og_type":"article","og_title":"Our Group Companies - Tegnatia","og_url":"https:\/\/tegnatia.com\/en\/our-group-companies\/","og_site_name":"Tegnatia","article_modified_time":"2026-01-30T13:16:16+00:00","og_image":[{"width":2560,"height":940,"url":"https:\/\/tegnatia.com\/en\/wp-content\/uploads\/2020\/05\/GES_B_00000004.jpg","type":"image\/jpeg"}],"twitter_card":"summary_large_image","twitter_misc":{"Estimated reading time":"6 minutes"},"schema":{"@context":"https:\/\/schema.org","@graph":[{"@type":"WebPage","@id":"https:\/\/tegnatia.com\/en\/our-group-companies\/","url":"https:\/\/tegnatia.com\/en\/our-group-companies\/","name":"Our Group Companies - Tegnatia","isPartOf":{"@id":"https:\/\/tegnatia.com\/en\/#website"},"primaryImageOfPage":{"@id":"https:\/\/tegnatia.com\/en\/our-group-companies\/#primaryimage"},"image":{"@id":"https:\/\/tegnatia.com\/en\/our-group-companies\/#primaryimage"},"thumbnailUrl":"https:\/\/tegnatia.com\/en\/wp-content\/uploads\/2020\/05\/GES_B_00000004.jpg","datePublished":"2020-05-28T16:05:44+00:00","dateModified":"2026-01-30T13:16:16+00:00","breadcrumb":{"@id":"https:\/\/tegnatia.com\/en\/our-group-companies\/#breadcrumb"},"inLanguage":"en-GB","potentialAction":[{"@type":"ReadAction","target":["https:\/\/tegnatia.com\/en\/our-group-companies\/"]}]},{"@type":"ImageObject","inLanguage":"en-GB","@id":"https:\/\/tegnatia.com\/en\/our-group-companies\/#primaryimage","url":"https:\/\/tegnatia.com\/en\/wp-content\/uploads\/2020\/05\/GES_B_00000004.jpg","contentUrl":"https:\/\/tegnatia.com\/en\/wp-content\/uploads\/2020\/05\/GES_B_00000004.jpg","width":2560,"height":940},{"@type":"BreadcrumbList","@id":"https:\/\/tegnatia.com\/en\/our-group-companies\/#breadcrumb","itemListElement":[{"@type":"ListItem","position":1,"name":"Ana sayfa","item":"https:\/\/tegnatia.com\/en\/"},{"@type":"ListItem","position":2,"name":"Our Group Companies"}]},{"@type":"WebSite","@id":"https:\/\/tegnatia.com\/en\/#website","url":"https:\/\/tegnatia.com\/en\/","name":"Tegnatia","description":"EPC Solutions","potentialAction":[{"@type":"SearchAction","target":{"@type":"EntryPoint","urlTemplate":"https:\/\/tegnatia.com\/en\/?s={search_term_string}"},"query-input":{"@type":"PropertyValueSpecification","valueRequired":true,"valueName":"search_term_string"}}],"inLanguage":"en-GB"}]}},"_links":{"self":[{"href":"https:\/\/tegnatia.com\/en\/wp-json\/wp\/v2\/pages\/1095","targetHints":{"allow":["GET"]}}],"collection":[{"href":"https:\/\/tegnatia.com\/en\/wp-json\/wp\/v2\/pages"}],"about":[{"href":"https:\/\/tegnatia.com\/en\/wp-json\/wp\/v2\/types\/page"}],"author":[{"embeddable":true,"href":"https:\/\/tegnatia.com\/en\/wp-json\/wp\/v2\/users\/1"}],"replies":[{"embeddable":true,"href":"https:\/\/tegnatia.com\/en\/wp-json\/wp\/v2\/comments?post=1095"}],"version-history":[{"count":49,"href":"https:\/\/tegnatia.com\/en\/wp-json\/wp\/v2\/pages\/1095\/revisions"}],"predecessor-version":[{"id":3075,"href":"https:\/\/tegnatia.com\/en\/wp-json\/wp\/v2\/pages\/1095\/revisions\/3075"}],"wp:featuredmedia":[{"embeddable":true,"href":"https:\/\/tegnatia.com\/en\/wp-json\/wp\/v2\/media\/1305"}],"wp:attachment":[{"href":"https:\/\/tegnatia.com\/en\/wp-json\/wp\/v2\/media?parent=1095"}],"curies":[{"name":"wp","href":"https:\/\/api.w.org\/{rel}","templated":true}]}}