{"id":1096,"date":"2020-05-28T19:05:13","date_gmt":"2020-05-28T16:05:13","guid":{"rendered":"https:\/\/tegnatia.com\/en\/?page_id=1096"},"modified":"2026-01-20T15:44:26","modified_gmt":"2026-01-20T12:44:26","slug":"team-and-top-management","status":"publish","type":"page","link":"https:\/\/tegnatia.com\/en\/team-and-top-management\/","title":{"rendered":"Team and Top Management"},"content":{"rendered":"<p><div class=\"fusion-fullwidth fullwidth-box fusion-builder-row-1 fusion-flex-container nonhundred-percent-fullwidth non-hundred-percent-height-scrolling\" style=\"--awb-border-radius-top-left:0px;--awb-border-radius-top-right:0px;--awb-border-radius-bottom-right:0px;--awb-border-radius-bottom-left:0px;--awb-padding-top:4%;--awb-flex-wrap:wrap;\" ><div class=\"fusion-builder-row fusion-row fusion-flex-align-items-flex-start fusion-flex-justify-content-center fusion-flex-content-wrap\" style=\"max-width:1456px;margin-left: calc(-4% \/ 2 );margin-right: calc(-4% \/ 2 );\"><div class=\"fusion-layout-column fusion_builder_column fusion-builder-column-0 fusion_builder_column_2_3 2_3 fusion-flex-column fusion-animated\" style=\"--awb-bg-size:cover;--awb-width-large:66.666666666667%;--awb-margin-top-large:0px;--awb-spacing-right-large:2.88%;--awb-margin-bottom-large:20px;--awb-spacing-left-large:2.88%;--awb-width-medium:100%;--awb-spacing-right-medium:1.92%;--awb-spacing-left-medium:1.92%;--awb-width-small:100%;--awb-spacing-right-small:1.92%;--awb-spacing-left-small:1.92%;\" data-animationType=\"fadeInDown\" data-animationDuration=\"1.0\" data-animationOffset=\"top-into-view\"><div class=\"fusion-column-wrapper fusion-column-has-shadow fusion-flex-justify-content-flex-start fusion-content-layout-column\"><div class=\"fusion-text fusion-text-1\"><p>The Tegnatia team consists of employees who are educated, experienced, and have a strong technical background, are open to development, adopt teamwork, are creative, collaborative, highly motivated, and aligned with the company\u2019s culture and values.<\/p>\n<\/div><\/div><\/div><\/div><\/div><div class=\"fusion-fullwidth fullwidth-box fusion-builder-row-2 nonhundred-percent-fullwidth non-hundred-percent-height-scrolling fusion-equal-height-columns\" style=\"--awb-border-radius-top-left:0px;--awb-border-radius-top-right:0px;--awb-border-radius-bottom-right:0px;--awb-border-radius-bottom-left:0px;--awb-padding-top:2%;--awb-padding-bottom:6%;--awb-flex-wrap:wrap;\" ><div class=\"fusion-builder-row fusion-row\"><div class=\"fusion-layout-column fusion_builder_column fusion-builder-column-1 fusion_builder_column_1_2 1_2 fusion-one-half fusion-column-first fusion-animated\" style=\"--awb-padding-top:60px;--awb-padding-right:60px;--awb-padding-bottom:60px;--awb-padding-left:60px;--awb-overflow:hidden;--awb-bg-size:cover;--awb-box-shadow:0px 10px 23px 0px rgba(0,0,0,0.05);;--awb-border-color:#dee1e4;--awb-border-top:1px;--awb-border-right:1px;--awb-border-bottom:1px;--awb-border-left:1px;--awb-border-style:solid;--awb-border-radius:8px 8px 8px 8px;width:50%;width:calc(50% - ( ( 4% ) * 0.5 ) );margin-right: 4%;\" data-animationType=\"fadeInLeft\" data-animationDuration=\"1.0\" data-animationOffset=\"top-into-view\"><div class=\"fusion-column-wrapper fusion-column-has-shadow fusion-flex-column-wrapper-legacy\"><div class=\"fusion-person person fusion-person-left fusion-person-1 fusion-person-icon-top\" style=\"--awb-pic-style-color:#000000;--awb-pic-borderradius:50%;--awb-margin-top:0px;--awb-margin-right:0px;--awb-margin-bottom:0px;--awb-margin-left:0px;--awb-social-box-border-top:0px;--awb-social-box-border-right:0px;--awb-social-box-border-bottom:0px;--awb-social-box-border-left:0px;--awb-social-box-border-color:var(--awb-color3);--awb-social-box-border-color-hover:var(--awb-color4);--awb-social-box-colors-hover:rgba(232,232,232,0.8);--awb-social-icon-boxed-colors:#e8e8e8;--awb-social-icon-colors:#bebdbd;--awb-social-icon-colors-hover:rgba(190,189,189,0.8);\"><div class=\"person-shortcode-image-wrapper\"><div class=\"person-image-container hover-type-none person-rounded-overflow\" style=\"-webkit-border-radius:50%;-moz-border-radius:50%;border-radius:50%;border:8px solid #feba12;-webkit-border-radius:50%;-moz-border-radius:50%;border-radius:50%;\"><img decoding=\"async\" class=\"person-img img-responsive wp-image-1139\" width=\"200\" height=\"200\" src=\"https:\/\/tegnatia.com\/en\/wp-content\/uploads\/2020\/05\/Ekrem_Ekinci.jpg\" alt=\"Prof. Dr. Ekrem Ekinci\" srcset=\"https:\/\/tegnatia.com\/en\/wp-content\/uploads\/2020\/05\/Ekrem_Ekinci-66x66.jpg 66w, https:\/\/tegnatia.com\/en\/wp-content\/uploads\/2020\/05\/Ekrem_Ekinci-150x150.jpg 150w, https:\/\/tegnatia.com\/en\/wp-content\/uploads\/2020\/05\/Ekrem_Ekinci.jpg 200w\" sizes=\"(max-width: 200px) 100vw, 200px\" \/><\/div><\/div><div class=\"person-desc\"><div class=\"person-author\"><div class=\"person-author-wrapper\"><span class=\"person-name\">Prof. Dr. Ekrem Ekinci<\/span><span class=\"person-title\">Chairman of the Board<\/span><\/div><\/div><div class=\"person-content fusion-clearfix\">\n<p>Graduated from Bo\u011fazi\u00e7i University in 1971 with a degree in Chemical Engineering. Received his M.Sc. (1972) and Ph.D. (1976) in Chemical Engineering from The University of Newcastle Upon Tyne, United Kingdom. Began his academic career in 1977 as a research assistant at Istanbul Technical University, Faculty of Chemistry, and was promoted to Associate Professor in 1981 and to Full Professor in 1988.<\/p>\n<p>Held various academic and administrative positions at Istanbul Technical University, including Head of the Department of Chemical Engineering, Founding Head of the Department of Food Engineering, Dean of the Faculty of Chemical and Metallurgical Engineering, and Vice Rector. Also served at T\u00dcB\u0130TAK Marmara Research Center as Head of the Chemical Engineering Department, Chairman of the Board, and Member of the T\u00dcB\u0130TAK Science Board.<\/p>\n<p>Memberships include the Institute of Energy (UK), the Turkish National Committee on Solid Waste, and the Turkish National Committee on Air Pollution. Completed numerous applied projects in the fields of coal, petroleum, petcoke, oil shale, combustion, and air pollution control technologies, developing technological solutions for the energy and cement industries.<\/p>\n<p>Prof. Dr. Ekrem Ekinci served as Rector of I\u015f\u0131k University between 2008 and 2010. Since 2011, he has been serving as the founding partner and Chairman of the Board of Directors of of T Dinamik Enerji Industry and Trade Inc. and Tegnatia Enerji Production Industry and Trade Inc.<\/p>\n<\/div><\/div><\/div><div class=\"fusion-clearfix\"><\/div><\/div><\/div><div class=\"fusion-layout-column fusion_builder_column fusion-builder-column-2 fusion_builder_column_1_2 1_2 fusion-one-half fusion-column-last fusion-animated\" style=\"--awb-padding-top:60px;--awb-padding-right:60px;--awb-padding-bottom:60px;--awb-padding-left:60px;--awb-overflow:hidden;--awb-bg-size:cover;--awb-box-shadow:0px 10px 23px 0px rgba(0,0,0,0.05);;--awb-border-color:#dee1e4;--awb-border-top:1px;--awb-border-right:1px;--awb-border-bottom:1px;--awb-border-left:1px;--awb-border-style:solid;--awb-border-radius:8px 8px 8px 8px;width:50%;width:calc(50% - ( ( 4% ) * 0.5 ) );\" data-animationType=\"fadeInRight\" data-animationDuration=\"1.0\" data-animationOffset=\"top-into-view\"><div class=\"fusion-column-wrapper fusion-column-has-shadow fusion-flex-column-wrapper-legacy\"><div class=\"fusion-person person fusion-person-left fusion-person-2 fusion-person-icon-top\" style=\"--awb-pic-style-color:#000000;--awb-pic-borderradius:50%;--awb-margin-top:0px;--awb-margin-right:0px;--awb-margin-bottom:0px;--awb-margin-left:0px;--awb-social-box-border-top:0px;--awb-social-box-border-right:0px;--awb-social-box-border-bottom:0px;--awb-social-box-border-left:0px;--awb-social-box-border-color:var(--awb-color3);--awb-social-box-border-color-hover:var(--awb-color4);--awb-social-box-colors-hover:rgba(232,232,232,0.8);--awb-social-icon-boxed-colors:#e8e8e8;--awb-social-icon-colors:#bebdbd;--awb-social-icon-colors-hover:rgba(190,189,189,0.8);\"><div class=\"person-shortcode-image-wrapper\"><div class=\"person-image-container hover-type-none person-rounded-overflow\" style=\"-webkit-border-radius:50%;-moz-border-radius:50%;border-radius:50%;border:8px solid #feba12;-webkit-border-radius:50%;-moz-border-radius:50%;border-radius:50%;\"><img decoding=\"async\" class=\"person-img img-responsive wp-image-1138\" width=\"200\" height=\"200\" src=\"https:\/\/tegnatia.com\/en\/wp-content\/uploads\/2020\/05\/Mustafa_Tiris.jpg\" alt=\"Associate Professor Dr. Mustafa T\u0131r\u0131s\" srcset=\"https:\/\/tegnatia.com\/en\/wp-content\/uploads\/2020\/05\/Mustafa_Tiris-66x66.jpg 66w, https:\/\/tegnatia.com\/en\/wp-content\/uploads\/2020\/05\/Mustafa_Tiris-150x150.jpg 150w, https:\/\/tegnatia.com\/en\/wp-content\/uploads\/2020\/05\/Mustafa_Tiris.jpg 200w\" sizes=\"(max-width: 200px) 100vw, 200px\" \/><\/div><\/div><div class=\"person-desc\"><div class=\"person-author\"><div class=\"person-author-wrapper\"><span class=\"person-name\">Associate Professor Dr. Mustafa T\u0131r\u0131s<\/span><span class=\"person-title\">General Manager<\/span><\/div><\/div><div class=\"person-content fusion-clearfix\">\n<p>Assoc. Prof. Dr. Mustafa TIRIS has received a BSc in Petroleum Engineering in 1987 from Istanbul Technical University, MSc and PhD in Ege University \u2013 Solar Energy Institute, in 1990 and 1992. He joined to the University of Leeds, Department of Fuel &amp; Energy during his post-doctoral studies. He started working in Turkish Scientific and Technological Research Council (TUBITAK) \u2013 Marmara Research Center (MRC), Department of Chemical Engineering, as researcher in 1990. He has worked in Department of Energy Systems of MRC as senior scientist (1994-1996), as assistant director in Energy Systems and Environmental Research Institute (1996-2000), as Institute Director in Energy Systems and Environmental Research Institute (2000-2004). He has been the Institute Director of Energy Institute and acting director of Chemistry and Environmental Institute since 2004. He is also member of the Turkish Automotive Technology Platform, Member of the Turkish Energy Efficiency Coordination Committee, Member of the Committee on Research and Technology (CERT) of the International Energy Agency (IEA), Member of the NATO-CCMS Committee and Alternate Member of the NATO-SPS.<\/p>\n<p>During 21 years of service at TUBITAK, he coordinated national and international projects in the fields of energy and environment and directed about 230 highest level of researchers in Turkey<\/p>\n<p>Assoc. Prof. Dr. Mustafa T\u0131r\u0131s has been serving as the founding partner and General Manager of T Dinamik Energy Production Industry and Trade Inc. since 2011 and of Tegnatia Energy Production Industry and Trade Inc. since 2013.<\/p>\n<\/div><\/div><\/div><div class=\"fusion-clearfix\"><\/div><\/div><\/div><\/div><\/div><div class=\"fusion-bg-parallax\" data-bg-align=\"center center\" data-direction=\"up\" data-mute=\"false\" data-opacity=\"100\" data-velocity=\"-0.3\" data-mobile-enabled=\"false\" data-break_parents=\"0\" data-bg-image=\"https:\/\/tegnatia.com\/en\/wp-content\/uploads\/2020\/05\/GES_B_00000001.jpg\" data-bg-repeat=\"false\" data-bg-gradient-type=\"linear\" data-bg-gradient-angle=\"45\" data-bg-gradient-start-color=\"#000000\" data-bg-gradient-start-position=\"0\" data-bg-gradient-end-color=\"rgba(0,0,0,0.5)\" data-bg-gradient-end-position=\"100\" data-bg-radial-direction=\"center center\" ><\/div><div class=\"fusion-fullwidth fullwidth-box fusion-builder-row-3 fusion-flex-container fusion-parallax-up nonhundred-percent-fullwidth non-hundred-percent-height-scrolling\" style=\"--awb-border-radius-top-left:0px;--awb-border-radius-top-right:0px;--awb-border-radius-bottom-right:0px;--awb-border-radius-bottom-left:0px;--awb-padding-top:80px;--awb-padding-bottom:80px;--awb-margin-top:0px;--awb-margin-bottom:0px;--awb-background-image:linear-gradient(45deg, #000000 0%,rgba(0,0,0,0.5) 100%),url(https:\/\/tegnatia.com\/en\/wp-content\/uploads\/2020\/05\/GES_B_00000001.jpg);;--awb-background-size:cover;--awb-flex-wrap:wrap;\" ><div class=\"fusion-builder-row fusion-row fusion-flex-align-items-stretch fusion-flex-justify-content-center fusion-flex-content-wrap\" style=\"max-width:1456px;margin-left: calc(-4% \/ 2 );margin-right: calc(-4% \/ 2 );\"><div class=\"fusion-layout-column fusion_builder_column fusion-builder-column-3 fusion_builder_column_1_2 1_2 fusion-flex-column fusion-no-large-visibility fusion-animated\" style=\"--awb-padding-top:60px;--awb-bg-size:cover;--awb-width-large:50%;--awb-margin-top-large:0px;--awb-spacing-right-large:3.84%;--awb-margin-bottom-large:0px;--awb-spacing-left-large:3.84%;--awb-width-medium:100%;--awb-spacing-right-medium:1.92%;--awb-spacing-left-medium:1.92%;--awb-width-small:100%;--awb-spacing-right-small:1.92%;--awb-spacing-left-small:1.92%;\" data-animationType=\"fadeInDown\" data-animationDuration=\"1.0\" data-animationOffset=\"top-into-view\"><div class=\"fusion-column-wrapper fusion-column-has-shadow fusion-flex-justify-content-center fusion-content-layout-column\"><div class=\"fusion-title title fusion-title-1 fusion-sep-none fusion-title-center fusion-title-text fusion-title-size-two\" style=\"--awb-text-color:#ffffff;--awb-margin-top-small:0px;--awb-margin-right-small:0px;--awb-margin-bottom-small:20px;--awb-margin-left-small:0px;\"><h2 class=\"fusion-title-heading title-heading-center fusion-responsive-typography-calculated\" style=\"margin:0;--fontSize:24;line-height:1.2;\"><div>\n<p style=\"text-align: center\"><span lang=\"EN-US\">Power Plants Generating Energy of the Future<\/span><\/p>\n<\/div><\/h2><\/div><div class=\"fusion-text fusion-text-2\"><div>\n<p style=\"text-align: center\"><span lang=\"EN-US\">Tegnatia Enerji is working since the year of 2013 to function as a leading EPC (Engineering, Procurement, and Construction) company in national and international markets.<\/span><\/p>\n<\/div>\n<\/div><div class=\"fusion-separator fusion-full-width-sep\" style=\"align-self: center;margin-left: auto;margin-right: auto;margin-top:20px;width:100%;\"><\/div><\/div><\/div><div class=\"fusion-layout-column fusion_builder_column fusion-builder-column-4 fusion_builder_column_3_5 3_5 fusion-flex-column fusion-no-small-visibility fusion-no-medium-visibility fusion-animated\" style=\"--awb-padding-right:60px;--awb-bg-size:cover;--awb-width-large:60%;--awb-margin-top-large:0px;--awb-spacing-right-large:3.2%;--awb-margin-bottom-large:0px;--awb-spacing-left-large:3.2%;--awb-width-medium:100%;--awb-spacing-right-medium:1.92%;--awb-spacing-left-medium:1.92%;--awb-width-small:100%;--awb-spacing-right-small:1.92%;--awb-spacing-left-small:1.92%;\" data-animationType=\"fadeInDown\" data-animationDuration=\"1.0\" data-animationOffset=\"top-into-view\"><div class=\"fusion-column-wrapper fusion-column-has-shadow fusion-flex-justify-content-center fusion-content-layout-column\"><div class=\"fusion-title title fusion-title-2 fusion-sep-none fusion-title-center fusion-title-text fusion-title-size-two\" style=\"--awb-text-color:#ffffff;--awb-margin-top-small:0px;--awb-margin-right-small:0px;--awb-margin-bottom-small:20px;--awb-margin-left-small:0px;\"><h2 class=\"fusion-title-heading title-heading-center fusion-responsive-typography-calculated\" style=\"margin:0;--fontSize:24;line-height:1.2;\">Power Plants Generating Energy of the Future<\/h2><\/div><div class=\"fusion-text fusion-text-3\" style=\"--awb-content-alignment:center;\"><p><span style=\"color: #ffffff\">Tegnatia Enerji is working since the year of 2013 to function as a leading EPC (Engineering, Procurement, and Construction) company in national and international markets.<\/span><\/p>\n<\/div><div class=\"fusion-separator fusion-full-width-sep\" style=\"align-self: center;margin-left: auto;margin-right: auto;margin-top:20px;width:100%;\"><\/div><\/div><\/div><\/div><\/div>\n<\/p>\n","protected":false},"excerpt":{"rendered":"","protected":false},"author":1,"featured_media":1341,"parent":0,"menu_order":0,"comment_status":"closed","ping_status":"closed","template":"100-width.php","meta":{"footnotes":""},"class_list":["post-1096","page","type-page","status-publish","has-post-thumbnail","hentry"],"yoast_head":"<!-- This site is optimized with the Yoast SEO plugin v27.4 - https:\/\/yoast.com\/product\/yoast-seo-wordpress\/ -->\n<title>Team and Top Management - Tegnatia<\/title>\n<meta name=\"robots\" content=\"index, follow, max-snippet:-1, max-image-preview:large, max-video-preview:-1\" \/>\n<link rel=\"canonical\" href=\"https:\/\/tegnatia.com\/en\/team-and-top-management\/\" \/>\n<meta property=\"og:locale\" content=\"en_GB\" \/>\n<meta property=\"og:type\" content=\"article\" \/>\n<meta property=\"og:title\" content=\"Team and Top Management - Tegnatia\" \/>\n<meta property=\"og:url\" content=\"https:\/\/tegnatia.com\/en\/team-and-top-management\/\" \/>\n<meta property=\"og:site_name\" content=\"Tegnatia\" \/>\n<meta property=\"article:modified_time\" content=\"2026-01-20T12:44:26+00:00\" \/>\n<meta property=\"og:image\" content=\"https:\/\/tegnatia.com\/en\/wp-content\/uploads\/2020\/05\/GES_B_00000025.jpg\" \/>\n\t<meta property=\"og:image:width\" content=\"2560\" \/>\n\t<meta property=\"og:image:height\" content=\"940\" \/>\n\t<meta property=\"og:image:type\" content=\"image\/jpeg\" \/>\n<meta name=\"twitter:card\" content=\"summary_large_image\" \/>\n<meta name=\"twitter:label1\" content=\"Estimated reading time\" \/>\n\t<meta name=\"twitter:data1\" content=\"4 minutes\" \/>\n<script type=\"application\/ld+json\" class=\"yoast-schema-graph\">{\"@context\":\"https:\\\/\\\/schema.org\",\"@graph\":[{\"@type\":\"WebPage\",\"@id\":\"https:\\\/\\\/tegnatia.com\\\/en\\\/team-and-top-management\\\/\",\"url\":\"https:\\\/\\\/tegnatia.com\\\/en\\\/team-and-top-management\\\/\",\"name\":\"Team and Top Management - Tegnatia\",\"isPartOf\":{\"@id\":\"https:\\\/\\\/tegnatia.com\\\/en\\\/#website\"},\"primaryImageOfPage\":{\"@id\":\"https:\\\/\\\/tegnatia.com\\\/en\\\/team-and-top-management\\\/#primaryimage\"},\"image\":{\"@id\":\"https:\\\/\\\/tegnatia.com\\\/en\\\/team-and-top-management\\\/#primaryimage\"},\"thumbnailUrl\":\"https:\\\/\\\/tegnatia.com\\\/en\\\/wp-content\\\/uploads\\\/2020\\\/05\\\/GES_B_00000025.jpg\",\"datePublished\":\"2020-05-28T16:05:13+00:00\",\"dateModified\":\"2026-01-20T12:44:26+00:00\",\"breadcrumb\":{\"@id\":\"https:\\\/\\\/tegnatia.com\\\/en\\\/team-and-top-management\\\/#breadcrumb\"},\"inLanguage\":\"en-GB\",\"potentialAction\":[{\"@type\":\"ReadAction\",\"target\":[\"https:\\\/\\\/tegnatia.com\\\/en\\\/team-and-top-management\\\/\"]}]},{\"@type\":\"ImageObject\",\"inLanguage\":\"en-GB\",\"@id\":\"https:\\\/\\\/tegnatia.com\\\/en\\\/team-and-top-management\\\/#primaryimage\",\"url\":\"https:\\\/\\\/tegnatia.com\\\/en\\\/wp-content\\\/uploads\\\/2020\\\/05\\\/GES_B_00000025.jpg\",\"contentUrl\":\"https:\\\/\\\/tegnatia.com\\\/en\\\/wp-content\\\/uploads\\\/2020\\\/05\\\/GES_B_00000025.jpg\",\"width\":2560,\"height\":940},{\"@type\":\"BreadcrumbList\",\"@id\":\"https:\\\/\\\/tegnatia.com\\\/en\\\/team-and-top-management\\\/#breadcrumb\",\"itemListElement\":[{\"@type\":\"ListItem\",\"position\":1,\"name\":\"Ana sayfa\",\"item\":\"https:\\\/\\\/tegnatia.com\\\/en\\\/\"},{\"@type\":\"ListItem\",\"position\":2,\"name\":\"Team and Top Management\"}]},{\"@type\":\"WebSite\",\"@id\":\"https:\\\/\\\/tegnatia.com\\\/en\\\/#website\",\"url\":\"https:\\\/\\\/tegnatia.com\\\/en\\\/\",\"name\":\"Tegnatia\",\"description\":\"EPC Solutions\",\"potentialAction\":[{\"@type\":\"SearchAction\",\"target\":{\"@type\":\"EntryPoint\",\"urlTemplate\":\"https:\\\/\\\/tegnatia.com\\\/en\\\/?s={search_term_string}\"},\"query-input\":{\"@type\":\"PropertyValueSpecification\",\"valueRequired\":true,\"valueName\":\"search_term_string\"}}],\"inLanguage\":\"en-GB\"}]}<\/script>\n<!-- \/ Yoast SEO plugin. -->","yoast_head_json":{"title":"Team and Top Management - Tegnatia","robots":{"index":"index","follow":"follow","max-snippet":"max-snippet:-1","max-image-preview":"max-image-preview:large","max-video-preview":"max-video-preview:-1"},"canonical":"https:\/\/tegnatia.com\/en\/team-and-top-management\/","og_locale":"en_GB","og_type":"article","og_title":"Team and Top Management - Tegnatia","og_url":"https:\/\/tegnatia.com\/en\/team-and-top-management\/","og_site_name":"Tegnatia","article_modified_time":"2026-01-20T12:44:26+00:00","og_image":[{"width":2560,"height":940,"url":"https:\/\/tegnatia.com\/en\/wp-content\/uploads\/2020\/05\/GES_B_00000025.jpg","type":"image\/jpeg"}],"twitter_card":"summary_large_image","twitter_misc":{"Estimated reading time":"4 minutes"},"schema":{"@context":"https:\/\/schema.org","@graph":[{"@type":"WebPage","@id":"https:\/\/tegnatia.com\/en\/team-and-top-management\/","url":"https:\/\/tegnatia.com\/en\/team-and-top-management\/","name":"Team and Top Management - Tegnatia","isPartOf":{"@id":"https:\/\/tegnatia.com\/en\/#website"},"primaryImageOfPage":{"@id":"https:\/\/tegnatia.com\/en\/team-and-top-management\/#primaryimage"},"image":{"@id":"https:\/\/tegnatia.com\/en\/team-and-top-management\/#primaryimage"},"thumbnailUrl":"https:\/\/tegnatia.com\/en\/wp-content\/uploads\/2020\/05\/GES_B_00000025.jpg","datePublished":"2020-05-28T16:05:13+00:00","dateModified":"2026-01-20T12:44:26+00:00","breadcrumb":{"@id":"https:\/\/tegnatia.com\/en\/team-and-top-management\/#breadcrumb"},"inLanguage":"en-GB","potentialAction":[{"@type":"ReadAction","target":["https:\/\/tegnatia.com\/en\/team-and-top-management\/"]}]},{"@type":"ImageObject","inLanguage":"en-GB","@id":"https:\/\/tegnatia.com\/en\/team-and-top-management\/#primaryimage","url":"https:\/\/tegnatia.com\/en\/wp-content\/uploads\/2020\/05\/GES_B_00000025.jpg","contentUrl":"https:\/\/tegnatia.com\/en\/wp-content\/uploads\/2020\/05\/GES_B_00000025.jpg","width":2560,"height":940},{"@type":"BreadcrumbList","@id":"https:\/\/tegnatia.com\/en\/team-and-top-management\/#breadcrumb","itemListElement":[{"@type":"ListItem","position":1,"name":"Ana sayfa","item":"https:\/\/tegnatia.com\/en\/"},{"@type":"ListItem","position":2,"name":"Team and Top Management"}]},{"@type":"WebSite","@id":"https:\/\/tegnatia.com\/en\/#website","url":"https:\/\/tegnatia.com\/en\/","name":"Tegnatia","description":"EPC Solutions","potentialAction":[{"@type":"SearchAction","target":{"@type":"EntryPoint","urlTemplate":"https:\/\/tegnatia.com\/en\/?s={search_term_string}"},"query-input":{"@type":"PropertyValueSpecification","valueRequired":true,"valueName":"search_term_string"}}],"inLanguage":"en-GB"}]}},"_links":{"self":[{"href":"https:\/\/tegnatia.com\/en\/wp-json\/wp\/v2\/pages\/1096","targetHints":{"allow":["GET"]}}],"collection":[{"href":"https:\/\/tegnatia.com\/en\/wp-json\/wp\/v2\/pages"}],"about":[{"href":"https:\/\/tegnatia.com\/en\/wp-json\/wp\/v2\/types\/page"}],"author":[{"embeddable":true,"href":"https:\/\/tegnatia.com\/en\/wp-json\/wp\/v2\/users\/1"}],"replies":[{"embeddable":true,"href":"https:\/\/tegnatia.com\/en\/wp-json\/wp\/v2\/comments?post=1096"}],"version-history":[{"count":34,"href":"https:\/\/tegnatia.com\/en\/wp-json\/wp\/v2\/pages\/1096\/revisions"}],"predecessor-version":[{"id":2949,"href":"https:\/\/tegnatia.com\/en\/wp-json\/wp\/v2\/pages\/1096\/revisions\/2949"}],"wp:featuredmedia":[{"embeddable":true,"href":"https:\/\/tegnatia.com\/en\/wp-json\/wp\/v2\/media\/1341"}],"wp:attachment":[{"href":"https:\/\/tegnatia.com\/en\/wp-json\/wp\/v2\/media?parent=1096"}],"curies":[{"name":"wp","href":"https:\/\/api.w.org\/{rel}","templated":true}]}}